{"id":8468,"date":"2022-07-05T06:37:11","date_gmt":"2022-07-05T06:37:11","guid":{"rendered":"http:\/\/192.168.1.10\/umart\/?post_type=product&#038;p=8468"},"modified":"2026-03-23T13:55:49","modified_gmt":"2026-03-23T13:55:49","slug":"molde-bacha-redonda-310","status":"publish","type":"product","link":"https:\/\/productostermoformadossrl.com.ar\/en\/product\/molde-bacha-redonda-310\/","title":{"rendered":"Mold Bacha Round 310"},"content":{"rendered":"<div data-elementor-type=\"wp-post\" data-elementor-id=\"8468\" class=\"elementor elementor-8468\">\n\t\t\t\t<div class=\"elementor-element elementor-element-724f6fba e-flex e-con-boxed e-con e-parent\" data-id=\"724f6fba\" data-element_type=\"container\" data-e-type=\"container\">\n\t\t\t\t\t<div class=\"e-con-inner\">\n\t\t\t\t<div class=\"elementor-element elementor-element-7c20547b elementor-widget elementor-widget-text-editor\" data-id=\"7c20547b\" data-element_type=\"widget\" data-e-type=\"widget\" data-widget_type=\"text-editor.default\">\n\t\t\t\t\t\t\t\t\tCompacto y funcional, permite crear bachas de cemento o terrazo ideales para ba\u00f1os peque\u00f1os o espacios reducidos.\r\n\r\n<strong>Outstanding features:<\/strong> 20 mm de espesor, desmolde r\u00e1pido y f\u00e1cil, acabado pulido perfecto, tap\u00f3n oculto.\r\n\r\n<strong>Recommended use: <\/strong>Proyectos profesionales o personales\r\n\r\n<strong>Tipo de desag\u00fce:<\/strong> Oculto.\r\n\r\n<strong>Material:<\/strong> Plastic.\t\t\t\t\t\t\t\t<\/div>\n\t\t\t\t\t<\/div>\n\t\t\t\t<\/div>\n\t\t<div class=\"elementor-element elementor-element-2a97f54 e-flex e-con-boxed e-con e-parent\" data-id=\"2a97f54\" data-element_type=\"container\" data-e-type=\"container\">\n\t\t\t\t\t<div class=\"e-con-inner\">\n\t\t\t\t\t<\/div>\n\t\t\t\t<\/div>\n\t\t\t\t<\/div>","protected":false},"excerpt":{"rendered":"<p>Compacto y funcional, permite crear bachas de cemento o terrazo ideales para ba\u00f1os peque\u00f1os o espacios reducidos.<\/p>\n<p><strong>Outstanding features:<\/strong> 20 mm de espesor, desmolde r\u00e1pido y f\u00e1cil, acabado pulido perfecto, tap\u00f3n oculto.<\/p>\n<p><strong>Recommended use: <\/strong>Proyectos profesionales o personales<\/p>\n<p><strong>Tipo de desag\u00fce:<\/strong> Oculto.<\/p>\n<p><strong>Material:<\/strong> Plastic.<\/p>","protected":false},"featured_media":15462,"comment_status":"closed","ping_status":"closed","template":"","meta":{"_monsterinsights_skip_tracking":false,"_monsterinsights_sitenote_active":false,"_monsterinsights_sitenote_note":"","_monsterinsights_sitenote_category":0,"neve_meta_sidebar":"","neve_meta_container":"","neve_meta_enable_content_width":"off","neve_meta_content_width":100,"neve_meta_title_alignment":"","neve_meta_author_avatar":"","neve_post_elements_order":"","neve_meta_disable_header":"","neve_meta_disable_footer":"","neve_meta_disable_title":"","_joinchat":[]},"product_brand":[],"product_cat":[562],"product_tag":[],"class_list":{"0":"post-8468","1":"product","2":"type-product","3":"status-publish","4":"has-post-thumbnail","6":"product_cat-moldes-para-cemento-y-terrazo","8":"first","9":"instock","10":"shipping-taxable","11":"purchasable","12":"product-type-simple"},"aioseo_notices":[],"jetpack_sharing_enabled":true,"_links":{"self":[{"href":"https:\/\/productostermoformadossrl.com.ar\/en\/wp-json\/wp\/v2\/product\/8468","targetHints":{"allow":["GET"]}}],"collection":[{"href":"https:\/\/productostermoformadossrl.com.ar\/en\/wp-json\/wp\/v2\/product"}],"about":[{"href":"https:\/\/productostermoformadossrl.com.ar\/en\/wp-json\/wp\/v2\/types\/product"}],"replies":[{"embeddable":true,"href":"https:\/\/productostermoformadossrl.com.ar\/en\/wp-json\/wp\/v2\/comments?post=8468"}],"version-history":[{"count":2,"href":"https:\/\/productostermoformadossrl.com.ar\/en\/wp-json\/wp\/v2\/product\/8468\/revisions"}],"predecessor-version":[{"id":21615,"href":"https:\/\/productostermoformadossrl.com.ar\/en\/wp-json\/wp\/v2\/product\/8468\/revisions\/21615"}],"wp:featuredmedia":[{"embeddable":true,"href":"https:\/\/productostermoformadossrl.com.ar\/en\/wp-json\/wp\/v2\/media\/15462"}],"wp:attachment":[{"href":"https:\/\/productostermoformadossrl.com.ar\/en\/wp-json\/wp\/v2\/media?parent=8468"}],"wp:term":[{"taxonomy":"product_brand","embeddable":true,"href":"https:\/\/productostermoformadossrl.com.ar\/en\/wp-json\/wp\/v2\/product_brand?post=8468"},{"taxonomy":"product_cat","embeddable":true,"href":"https:\/\/productostermoformadossrl.com.ar\/en\/wp-json\/wp\/v2\/product_cat?post=8468"},{"taxonomy":"product_tag","embeddable":true,"href":"https:\/\/productostermoformadossrl.com.ar\/en\/wp-json\/wp\/v2\/product_tag?post=8468"}],"curies":[{"name":"wp","href":"https:\/\/api.w.org\/{rel}","templated":true}]}}