{"id":20720,"date":"2025-11-12T13:49:08","date_gmt":"2025-11-12T13:49:08","guid":{"rendered":"https:\/\/productostermoformadossrl.com.ar\/?post_type=product&#038;p=20720"},"modified":"2026-03-25T15:04:44","modified_gmt":"2026-03-25T15:04:44","slug":"molde-bandeja-para-apoyo-de-jabonera","status":"publish","type":"product","link":"https:\/\/productostermoformadossrl.com.ar\/en\/product\/molde-bandeja-para-apoyo-de-jabonera\/","title":{"rendered":"Molde Bandeja para apoyo de jabonera"},"content":{"rendered":"<p>Base multiuso, suma estilo y funcionalidad.<\/p>\n<p><strong>Dimensions:<\/strong> Rectangular<\/p>\n<p><strong>Outstanding features:<\/strong> Dise\u00f1o arm\u00f3nico y elegante<\/p>\n<p><strong>Recommended use:<\/strong> M\u00faltiple en ba\u00f1os o decoraci\u00f3n.<\/p>\n<p><strong>Material:<\/strong> Plastic.<\/p>","protected":false},"excerpt":{"rendered":"<p>Base multiuso, suma estilo y funcionalidad.<\/p>\n<p><strong>Dimensions:<\/strong> Rectangular<\/p>\n<p><strong>Outstanding features:<\/strong> Dise\u00f1o arm\u00f3nico y elegante<\/p>\n<p><strong>Recommended use:<\/strong> M\u00faltiple en ba\u00f1os o decoraci\u00f3n.<\/p>\n<p><strong>Material:<\/strong> Plastic.<\/p>","protected":false},"featured_media":20723,"comment_status":"closed","ping_status":"closed","template":"","meta":{"_monsterinsights_skip_tracking":false,"_monsterinsights_sitenote_active":false,"_monsterinsights_sitenote_note":"","_monsterinsights_sitenote_category":0,"neve_meta_sidebar":"","neve_meta_container":"","neve_meta_enable_content_width":"off","neve_meta_content_width":100,"neve_meta_title_alignment":"","neve_meta_author_avatar":"","neve_post_elements_order":"","neve_meta_disable_header":"","neve_meta_disable_footer":"","neve_meta_disable_title":"","_joinchat":[]},"product_brand":[],"product_cat":[562],"product_tag":[],"class_list":{"0":"post-20720","1":"product","2":"type-product","3":"status-publish","4":"has-post-thumbnail","6":"product_cat-moldes-para-cemento-y-terrazo","8":"first","9":"instock","10":"shipping-taxable","11":"purchasable","12":"product-type-simple"},"aioseo_notices":[],"jetpack_sharing_enabled":true,"_links":{"self":[{"href":"https:\/\/productostermoformadossrl.com.ar\/en\/wp-json\/wp\/v2\/product\/20720","targetHints":{"allow":["GET"]}}],"collection":[{"href":"https:\/\/productostermoformadossrl.com.ar\/en\/wp-json\/wp\/v2\/product"}],"about":[{"href":"https:\/\/productostermoformadossrl.com.ar\/en\/wp-json\/wp\/v2\/types\/product"}],"replies":[{"embeddable":true,"href":"https:\/\/productostermoformadossrl.com.ar\/en\/wp-json\/wp\/v2\/comments?post=20720"}],"version-history":[{"count":1,"href":"https:\/\/productostermoformadossrl.com.ar\/en\/wp-json\/wp\/v2\/product\/20720\/revisions"}],"predecessor-version":[{"id":21604,"href":"https:\/\/productostermoformadossrl.com.ar\/en\/wp-json\/wp\/v2\/product\/20720\/revisions\/21604"}],"wp:featuredmedia":[{"embeddable":true,"href":"https:\/\/productostermoformadossrl.com.ar\/en\/wp-json\/wp\/v2\/media\/20723"}],"wp:attachment":[{"href":"https:\/\/productostermoformadossrl.com.ar\/en\/wp-json\/wp\/v2\/media?parent=20720"}],"wp:term":[{"taxonomy":"product_brand","embeddable":true,"href":"https:\/\/productostermoformadossrl.com.ar\/en\/wp-json\/wp\/v2\/product_brand?post=20720"},{"taxonomy":"product_cat","embeddable":true,"href":"https:\/\/productostermoformadossrl.com.ar\/en\/wp-json\/wp\/v2\/product_cat?post=20720"},{"taxonomy":"product_tag","embeddable":true,"href":"https:\/\/productostermoformadossrl.com.ar\/en\/wp-json\/wp\/v2\/product_tag?post=20720"}],"curies":[{"name":"wp","href":"https:\/\/api.w.org\/{rel}","templated":true}]}}