{"id":16315,"date":"2025-10-06T19:57:13","date_gmt":"2025-10-06T19:57:13","guid":{"rendered":"https:\/\/productostermoformadossrl.com.ar\/?post_type=product&#038;p=16315"},"modified":"2026-03-23T13:50:26","modified_gmt":"2026-03-23T13:50:26","slug":"molde-bacha-ovalada","status":"publish","type":"product","link":"https:\/\/productostermoformadossrl.com.ar\/en\/product\/molde-bacha-ovalada\/","title":{"rendered":"Molde Bacha Ovalada 520&#215;380"},"content":{"rendered":"<div data-elementor-type=\"wp-post\" data-elementor-id=\"16315\" class=\"elementor elementor-16315\">\n\t\t\t\t<div class=\"elementor-element elementor-element-2b14f893 e-flex e-con-boxed e-con e-parent\" data-id=\"2b14f893\" data-element_type=\"container\" data-e-type=\"container\">\n\t\t\t\t\t<div class=\"e-con-inner\">\n\t\t\t\t<div class=\"elementor-element elementor-element-6a71c9b6 elementor-widget elementor-widget-text-editor\" data-id=\"6a71c9b6\" data-element_type=\"widget\" data-e-type=\"widget\" data-widget_type=\"text-editor.default\">\n\t\t\t\t\t\t\t\t\tIdeal para ba\u00f1os sofisticados, tap\u00f3n oculto aporta dise\u00f1o minimalista.\r\n\r\n<strong>Outstanding features:<\/strong> Desmolde f\u00e1cil, pulido c\u00f3modo, resistente y durable.\r\n\r\n<strong>Recommended use:<\/strong> Producci\u00f3n de bachas contempor\u00e1neas.\r\n\r\n<strong>Tipo de desag\u00fce:<\/strong> Oculto.\r\n\r\n<strong>Material:<\/strong> Plastic.\t\t\t\t\t\t\t\t<\/div>\n\t\t\t\t\t<\/div>\n\t\t\t\t<\/div>\n\t\t<div class=\"elementor-element elementor-element-e139a88 e-flex e-con-boxed e-con e-parent\" data-id=\"e139a88\" data-element_type=\"container\" data-e-type=\"container\">\n\t\t\t\t\t<div class=\"e-con-inner\">\n\t\t\t\t\t<\/div>\n\t\t\t\t<\/div>\n\t\t\t\t<\/div>","protected":false},"excerpt":{"rendered":"<p>Ideal para ba\u00f1os sofisticados, tap\u00f3n oculto aporta dise\u00f1o minimalista.<\/p>\n<p><strong>Outstanding features:<\/strong> Desmolde f\u00e1cil, pulido c\u00f3modo, resistente y durable.<\/p>\n<p><strong>Recommended use:<\/strong> Producci\u00f3n de bachas contempor\u00e1neas.<\/p>\n<p><strong>Tipo de desag\u00fce:<\/strong> Oculto.<\/p>\n<p><strong>Material:<\/strong> Plastic.<\/p>","protected":false},"featured_media":19204,"comment_status":"closed","ping_status":"closed","template":"","meta":{"_monsterinsights_skip_tracking":false,"_monsterinsights_sitenote_active":false,"_monsterinsights_sitenote_note":"","_monsterinsights_sitenote_category":0,"neve_meta_sidebar":"","neve_meta_container":"","neve_meta_enable_content_width":"off","neve_meta_content_width":100,"neve_meta_title_alignment":"","neve_meta_author_avatar":"","neve_post_elements_order":"","neve_meta_disable_header":"","neve_meta_disable_footer":"","neve_meta_disable_title":"","_joinchat":[]},"product_brand":[],"product_cat":[562],"product_tag":[],"class_list":{"0":"post-16315","1":"product","2":"type-product","3":"status-publish","4":"has-post-thumbnail","6":"product_cat-moldes-para-cemento-y-terrazo","8":"first","9":"instock","10":"shipping-taxable","11":"purchasable","12":"product-type-simple"},"aioseo_notices":[],"jetpack_sharing_enabled":true,"_links":{"self":[{"href":"https:\/\/productostermoformadossrl.com.ar\/en\/wp-json\/wp\/v2\/product\/16315","targetHints":{"allow":["GET"]}}],"collection":[{"href":"https:\/\/productostermoformadossrl.com.ar\/en\/wp-json\/wp\/v2\/product"}],"about":[{"href":"https:\/\/productostermoformadossrl.com.ar\/en\/wp-json\/wp\/v2\/types\/product"}],"replies":[{"embeddable":true,"href":"https:\/\/productostermoformadossrl.com.ar\/en\/wp-json\/wp\/v2\/comments?post=16315"}],"version-history":[{"count":1,"href":"https:\/\/productostermoformadossrl.com.ar\/en\/wp-json\/wp\/v2\/product\/16315\/revisions"}],"predecessor-version":[{"id":21609,"href":"https:\/\/productostermoformadossrl.com.ar\/en\/wp-json\/wp\/v2\/product\/16315\/revisions\/21609"}],"wp:featuredmedia":[{"embeddable":true,"href":"https:\/\/productostermoformadossrl.com.ar\/en\/wp-json\/wp\/v2\/media\/19204"}],"wp:attachment":[{"href":"https:\/\/productostermoformadossrl.com.ar\/en\/wp-json\/wp\/v2\/media?parent=16315"}],"wp:term":[{"taxonomy":"product_brand","embeddable":true,"href":"https:\/\/productostermoformadossrl.com.ar\/en\/wp-json\/wp\/v2\/product_brand?post=16315"},{"taxonomy":"product_cat","embeddable":true,"href":"https:\/\/productostermoformadossrl.com.ar\/en\/wp-json\/wp\/v2\/product_cat?post=16315"},{"taxonomy":"product_tag","embeddable":true,"href":"https:\/\/productostermoformadossrl.com.ar\/en\/wp-json\/wp\/v2\/product_tag?post=16315"}],"curies":[{"name":"wp","href":"https:\/\/api.w.org\/{rel}","templated":true}]}}