{"id":16291,"date":"2025-10-06T19:52:34","date_gmt":"2025-10-06T19:52:34","guid":{"rendered":"https:\/\/productostermoformadossrl.com.ar\/?post_type=product&#038;p=16291"},"modified":"2026-03-23T13:51:01","modified_gmt":"2026-03-23T13:51:01","slug":"molde-bacha-rectangular-350x500","status":"publish","type":"product","link":"https:\/\/productostermoformadossrl.com.ar\/en\/product\/molde-bacha-rectangular-350x500\/","title":{"rendered":"350\u00d7500 Rectangular Bacha Mold"},"content":{"rendered":"<p>Dise\u00f1o amplio y estilizado, ideal para ba\u00f1os sofisticados.<\/p>\n<p><strong>Outstanding features:<\/strong> Desmolde f\u00e1cil, pulido c\u00f3modo, alta definici\u00f3n, resistente y durable.<\/p>\n<p><strong>Recommended use:<\/strong> Producci\u00f3n de bachas contempor\u00e1neas.<\/p>\n<p><strong>Tipo de desag\u00fce:<\/strong> No aplica.<\/p>\n<p><strong>Material:<\/strong> Plastic.<\/p>","protected":false},"excerpt":{"rendered":"<p>Compacto y funcional, ideal para espacios reducidos.<\/p>\n<p><strong>Outstanding features: <\/strong>Desmolde r\u00e1pido, pulido c\u00f3modo, robusto y durable<\/p>\n<p><strong>Recommended use:<\/strong> Multiples usos en producci\u00f3n de bachas.<\/p>\n<p><strong>Tipo de desag\u00fce:<\/strong> No aplica.<\/p>\n<p><strong>Material:<\/strong> Plastic.<\/p>","protected":false},"featured_media":19150,"comment_status":"closed","ping_status":"closed","template":"","meta":{"_monsterinsights_skip_tracking":false,"_monsterinsights_sitenote_active":false,"_monsterinsights_sitenote_note":"","_monsterinsights_sitenote_category":0,"neve_meta_sidebar":"","neve_meta_container":"","neve_meta_enable_content_width":"off","neve_meta_content_width":100,"neve_meta_title_alignment":"","neve_meta_author_avatar":"","neve_post_elements_order":"","neve_meta_disable_header":"","neve_meta_disable_footer":"","neve_meta_disable_title":"","_joinchat":[]},"product_brand":[],"product_cat":[562],"product_tag":[],"class_list":{"0":"post-16291","1":"product","2":"type-product","3":"status-publish","4":"has-post-thumbnail","6":"product_cat-moldes-para-cemento-y-terrazo","8":"first","9":"instock","10":"shipping-taxable","11":"purchasable","12":"product-type-simple"},"aioseo_notices":[],"jetpack_sharing_enabled":true,"_links":{"self":[{"href":"https:\/\/productostermoformadossrl.com.ar\/en\/wp-json\/wp\/v2\/product\/16291","targetHints":{"allow":["GET"]}}],"collection":[{"href":"https:\/\/productostermoformadossrl.com.ar\/en\/wp-json\/wp\/v2\/product"}],"about":[{"href":"https:\/\/productostermoformadossrl.com.ar\/en\/wp-json\/wp\/v2\/types\/product"}],"replies":[{"embeddable":true,"href":"https:\/\/productostermoformadossrl.com.ar\/en\/wp-json\/wp\/v2\/comments?post=16291"}],"version-history":[{"count":1,"href":"https:\/\/productostermoformadossrl.com.ar\/en\/wp-json\/wp\/v2\/product\/16291\/revisions"}],"predecessor-version":[{"id":21610,"href":"https:\/\/productostermoformadossrl.com.ar\/en\/wp-json\/wp\/v2\/product\/16291\/revisions\/21610"}],"wp:featuredmedia":[{"embeddable":true,"href":"https:\/\/productostermoformadossrl.com.ar\/en\/wp-json\/wp\/v2\/media\/19150"}],"wp:attachment":[{"href":"https:\/\/productostermoformadossrl.com.ar\/en\/wp-json\/wp\/v2\/media?parent=16291"}],"wp:term":[{"taxonomy":"product_brand","embeddable":true,"href":"https:\/\/productostermoformadossrl.com.ar\/en\/wp-json\/wp\/v2\/product_brand?post=16291"},{"taxonomy":"product_cat","embeddable":true,"href":"https:\/\/productostermoformadossrl.com.ar\/en\/wp-json\/wp\/v2\/product_cat?post=16291"},{"taxonomy":"product_tag","embeddable":true,"href":"https:\/\/productostermoformadossrl.com.ar\/en\/wp-json\/wp\/v2\/product_tag?post=16291"}],"curies":[{"name":"wp","href":"https:\/\/api.w.org\/{rel}","templated":true}]}}