{"id":17329,"date":"2025-10-07T22:51:25","date_gmt":"2025-10-07T22:51:25","guid":{"rendered":"https:\/\/productostermoformadossrl.com.ar\/?page_id=17329"},"modified":"2025-10-08T18:59:38","modified_gmt":"2025-10-08T18:59:38","slug":"politicas-de-devolucion","status":"publish","type":"page","link":"https:\/\/productostermoformadossrl.com.ar\/en\/politicas-de-devolucion\/","title":{"rendered":"Pol\u00edticas de Devoluci\u00f3n"},"content":{"rendered":"<div data-elementor-type=\"wp-page\" data-elementor-id=\"17329\" class=\"elementor elementor-17329\">\n\t\t\t\t\t\t<section class=\"elementor-section elementor-top-section elementor-element elementor-element-671fe04 elementor-section-full_width elementor-section-stretched elementor-section-height-default elementor-section-height-default\" data-id=\"671fe04\" data-element_type=\"section\" data-e-type=\"section\" data-settings=\"{&quot;stretch_section&quot;:&quot;section-stretched&quot;,&quot;background_background&quot;:&quot;classic&quot;}\">\n\t\t\t\t\t\t<div class=\"elementor-container elementor-column-gap-default\">\n\t\t\t\t\t<div class=\"elementor-column elementor-col-100 elementor-top-column elementor-element elementor-element-487f0b4\" data-id=\"487f0b4\" data-element_type=\"column\" data-e-type=\"column\">\n\t\t\t<div class=\"elementor-widget-wrap\">\n\t\t\t\t\t\t\t<\/div>\n\t\t<\/div>\n\t\t\t\t\t<\/div>\n\t\t<\/section>\n\t\t<div class=\"elementor-element elementor-element-dee16e2 e-flex e-con-boxed elementor-invisible e-con e-parent\" data-id=\"dee16e2\" data-element_type=\"container\" data-e-type=\"container\" data-settings=\"{&quot;background_background&quot;:&quot;classic&quot;,&quot;animation&quot;:&quot;fadeInUp&quot;}\">\n\t\t\t\t\t<div class=\"e-con-inner\">\n\t\t<div class=\"elementor-element elementor-element-4366a9e e-con-full e-flex e-con e-child\" data-id=\"4366a9e\" data-element_type=\"container\" data-e-type=\"container\">\n\t\t\t\t<div class=\"elementor-element elementor-element-8609e53 elementor-view-default elementor-position-block-start elementor-mobile-position-block-start elementor-widget elementor-widget-icon-box\" data-id=\"8609e53\" data-element_type=\"widget\" data-e-type=\"widget\" data-widget_type=\"icon-box.default\">\n\t\t\t\t\t\t\t<div class=\"elementor-icon-box-wrapper\">\n\n\t\t\t\t\t\t<div class=\"elementor-icon-box-icon\">\n\t\t\t\t<span  class=\"elementor-icon\">\n\t\t\t\t<svg xmlns=\"http:\/\/www.w3.org\/2000\/svg\" id=\"Capa_1\" viewbox=\"0 0 136.8 96.48\"><defs><style>.cls-1{fill:#fff;}<\/style><\/defs><path class=\"cls-1\" d=\"M90.09,74.92v7.93c0,1.15-2.29,3.42-3.62,3.37l-68.63-.21c-1.41-.69-2.73-2.02-2.77-3.68.85-12.41-1.08-26.23,0-38.47.19-2.15,1.49-3.75,3.64-4.16l23.55-.12.1-1.49,11.13-25.46c1.41-2.25,3.84-2.95,6.23-1.83l59.88,25.89c2.29.87,3.68,3.46,2.79,5.84-5.19,10.9-9.18,22.86-14.48,33.64-1.39,2.83-2.47,4.4-6.03,3.79l-11.76-5.04ZM117.51,47.76c.17-2.22,3.95-6.51,1.71-8.3L58.7,13.14c-3.8-1.7-4.1,4.76-5.72,6.92l64.53,27.7ZM116.17,49.91L51.93,22.5l-2.86,6.98,23.2,10.15c4.48.44,9.52-.38,13.94.05,4.17.4,4.07,4.54,3.93,7.77l22.47,9.69c.23.08.41.04.61-.08.33-.21,3.21-6.85,2.95-7.14M65.35,39.69l-17.32-7.78c-.42.09-3.08,6.77-3.39,7.78h20.7ZM87.05,42.73c-.36-.36-1.39-.62-1.93-.63H19.76c-1.53-.11-2.23,1.2-2.29,2.55.87,11.74-1.1,25.04,0,36.59.09.92.33,1.84,1.15,2.34l66.5.21c1.82-.16,2.39-.76,2.56-2.55-.83-11.78,1.05-24.98,0-36.59-.05-.57-.23-1.53-.63-1.93M90.09,50.18v22.59c.65-.03,1.25-.05,1.89.13,3.19.86,7.15,3.61,10.46,4.6.63.22,1.16.14,1.73-.19,1.53-.88,6.49-15.18,7.97-17.57l-22.06-9.56Z\"><\/path><path class=\"cls-1\" d=\"M23.5,57.35c-1.96-2.09-1.86-8.46,1.01-9.96,1.76-.92,6.66-.93,8.71-.7,5.98.67,6.01,11.29.24,12.08-1.61.22-7.09.21-8.45-.38-.35-.15-1.27-.77-1.52-1.04M26.29,49.43c-2.22.49-1.96,5.85-.46,6.53.51.23,6.88.28,7.65.13,2.11-.4,2-5.86.41-6.58-.56-.25-6.8-.26-7.6-.08\"><\/path><path class=\"cls-1\" d=\"M82.48,44.04c1.22-.36,2.36.91,2.82,1.92.59,1.3.75,7.46.47,8.92-.29,1.58-2.38,1.59-2.68,0-.4-2.12.39-5.4-.01-7.52-.12-.62-2.74-2.7-.61-3.32\"><\/path><path class=\"cls-1\" d=\"M19.71,81.31c-.91-.91-.25-2.21,1.14-2.36,1.61-.17,7.72-.27,9.14,0,1.48.29,1.6,2.37-.28,2.67-1.77.28-6.7.19-8.6.03-.42-.04-1.1-.05-1.4-.34\"><\/path><path class=\"cls-1\" d=\"M84.35,58.3c2.06-.18,1.73,4.78.9,5.19-2.9,1.43-2.88-5.01-.9-5.19\"><\/path><path class=\"cls-1\" d=\"M51.57,73.24c-.32.32-1.18.4-1.64.3-1.29-.41-1.13-6.1,1.27-4.51.92.61.99,3.59.37,4.21\"><\/path><path class=\"cls-1\" d=\"M27.36,68.77c2.46-.62,2.33,6.06-.46,4.67-.87-.43-.93-4.32.46-4.67\"><\/path><path class=\"cls-1\" d=\"M31.39,68.77c2.46-.62,2.33,6.06-.46,4.67-.87-.43-.93-4.32.46-4.67\"><\/path><path class=\"cls-1\" d=\"M34.76,73.24c-.69-.69-.65-4.61,1.1-4.45,1.9.18,1.5,4.44.53,4.75-.46.1-1.31.02-1.64-.3\"><\/path><path class=\"cls-1\" d=\"M55.61,73.24c-.3.35-1.41.45-1.82.21-1.04-.63-.89-5.97,1.45-4.41.93.62.94,3.55.37,4.2\"><\/path><path class=\"cls-1\" d=\"M58.56,68.77c1.89-.27,1.79,4.22.88,4.67-2.52,1.26-3.02-4.37-.88-4.67\"><\/path><path class=\"cls-1\" d=\"M72.41,73.24c-.69-.69-.65-4.61,1.1-4.45,1.9.18,1.5,4.44.53,4.75-.46.1-1.31.02-1.64-.3\"><\/path><path class=\"cls-1\" d=\"M78.46,73.24c-.32.32-1.18.4-1.64.3-1.02-.32-1.21-4.26.35-4.7,2.02-.56,1.99,3.7,1.29,4.4\"><\/path><path class=\"cls-1\" d=\"M40.82,69.07c.57.58,1.03,5.17-1.36,4.46-.97-.29-.93-3.35-.68-4.08.24-.71,1.54-.89,2.04-.38\"><\/path><path class=\"cls-1\" d=\"M45.52,69.07c.5-.5,1.8-.33,2.04.38.25.73.29,3.79-.68,4.08-2.38.71-1.93-3.88-1.36-4.46\"><\/path><path class=\"cls-1\" d=\"M68.37,69.07c.5-.5,1.8-.33,2.04.38.25.73.29,3.79-.68,4.08-2.38.71-1.93-3.88-1.36-4.46\"><\/path><path class=\"cls-1\" d=\"M65.01,68.77c1.83-.25,1.72,3.64,1.04,4.56-.46.37-1.2.37-1.67,0-.56-1.03-.91-4.35.63-4.56\"><\/path><path class=\"cls-1\" d=\"M100.1,74.04c-1.65-1.62,1.68-2.27,2.06-2.78.73-.98,1.42-4.34,2.24-5.15.69-.68,2.06-.25,2.11.87.04.8-1.88,5.19-2.45,5.92-.77.98-2.92,2.17-3.96,1.15\"><\/path><\/svg>\t\t\t\t<\/span>\n\t\t\t<\/div>\n\t\t\t\n\t\t\t\t\t\t<div class=\"elementor-icon-box-content\">\n\n\t\t\t\t\t\t\t\t\t<h3 class=\"elementor-icon-box-title\">\n\t\t\t\t\t\t<span  >\n\t\t\t\t\t\t\tAll payment methods\t\t\t\t\t\t<\/span>\n\t\t\t\t\t<\/h3>\n\t\t\t\t\n\t\t\t\t\t\t\t\t\t<p class=\"elementor-icon-box-description\">\n\t\t\t\t\t\t3 y 6 cuotas sin inter\u00e9s\t\t\t\t\t<\/p>\n\t\t\t\t\n\t\t\t<\/div>\n\t\t\t\n\t\t<\/div>\n\t\t\t\t\t\t<\/div>\n\t\t\t\t<\/div>\n\t\t<div class=\"elementor-element elementor-element-0f77cf2 e-con-full e-flex e-con e-child\" data-id=\"0f77cf2\" data-element_type=\"container\" data-e-type=\"container\">\n\t\t\t\t<div class=\"elementor-element elementor-element-f5019bb elementor-view-default elementor-position-block-start elementor-mobile-position-block-start elementor-widget elementor-widget-icon-box\" data-id=\"f5019bb\" data-element_type=\"widget\" data-e-type=\"widget\" data-widget_type=\"icon-box.default\">\n\t\t\t\t\t\t\t<div class=\"elementor-icon-box-wrapper\">\n\n\t\t\t\t\t\t<div class=\"elementor-icon-box-icon\">\n\t\t\t\t<span  class=\"elementor-icon\">\n\t\t\t\t<svg xmlns=\"http:\/\/www.w3.org\/2000\/svg\" id=\"Capa_1\" viewbox=\"0 0 136.8 96.48\"><defs><style>.cls-1{fill:#fff;}<\/style><\/defs><path class=\"cls-1\" d=\"M92.24,28.23h17.14c.98,0,2.75,1.48,3.18,2.41,2.27,5.89,7.4,12.61,9.21,18.47.87,2.82.38,7.17.43,10.24.03,2.23.79,4.36-.2,6.64-1.61,3.71-5.96,2.39-9.19,2.62-.36,13.38-19.42,13.39-20.06,0l-23.46-.02c-.49,1.42-.5,2.84-1.12,4.25-3.13,7.1-13.31,7.94-17.53,1.43-1.14-1.75-1.51-3.52-1.8-5.56-3.54-.65-7.85,1.24-10.28-2.16-.84-1.18-1.83-4.45.23-4.57,2.31-.13.93,3.1,2.91,3.72.69.22,6.46.27,7.25.12.23-.05.34-.06.51-.26.43-.52.89-2.21,1.66-3.17,5.14-6.43,15.1-4.19,17.64,3.42h20.32l.38-.38V23.03c0-1.17-1.53-2.19-2.66-2.16l-44.78.17c-2.32.72-1.02,4.06-3.2,3.88-2.71-.22-.75-5.47,1.7-6.39l48.03-.18c1.45.22,2.9,1.95,3.32,3.28.06.2.38,1.57.38,1.66v4.95ZM118.14,48.55l-8.15-16.86c-.16-.24-.92-.66-1.11-.66h-16.63v34.79l.98-.04c2.13-6.81,10.58-9.5,16.15-4.78,1.57,1.33,2.35,3.04,3.34,4.78,1.47-.17,5.91.63,6.65-.65,1.23-2.12-.58-10.92.05-13.79h-19.3v-14.6c0-1.38,2.79-1.04,2.79.25v11.55h15.24ZM57.38,61.56c-2.46.42-4.91,3.09-5.45,5.47-1.47,6.43,5.66,11.37,11.19,7.63,6.41-4.34,2.4-14.48-5.74-13.1M108.15,63.62c-6.03-6.35-16.63,1.98-11.08,9.43,6.04,8.11,18.03-2.12,11.08-9.43\"><\/path><path class=\"cls-1\" d=\"M28.58,47.1c.21-.28.93-.56,1.31-.6,7.21.65,15.83-.82,22.87,0,.41.05.81.1,1.14.39.58.69.47,1.52-.1,2.18l-24.78.11c-.59-.3-.83-1.56-.43-2.08\"><\/path><path class=\"cls-1\" d=\"M32.44,31.79c-1.1-.31-1.11-2.59,1.26-2.8,7.17-.65,15.32.5,22.6.03,2.21.35,1.13,2.78.52,2.78h-24.38Z\"><\/path><path class=\"cls-1\" d=\"M21.26,55.4h24.38c.06,0,.8.74.85.95.45,1.65-1.49,1.78-2.62,1.86-6.96.5-14.55-.38-21.57-.04l-1.63-.92c-.17-.7.07-1.37.6-1.85\"><\/path><path class=\"cls-1\" d=\"M22.53,40.67c-1.09-.3-1.31-2.45.34-2.66,7.16.21,14.34.12,21.51.13.94,0,1.75-.51,2.64.13.96.68.44,2.4-.11,2.4h-24.38Z\"><\/path><path class=\"cls-1\" d=\"M25.39,46.83c.73.7.53,2.25-.58,2.47-1,.2-8.38.19-9.39,0-.67-.13-1.03-.76-1.13-1.39.1-.81.61-1.26,1.39-1.38,1.71-.27,6.54-.19,8.38-.03.41.04,1.01.03,1.32.33\"><\/path><path class=\"cls-1\" d=\"M22.79,31.79c-1.19-.33-1.26-2.5.52-2.78,2.06-.32,6.64-.28,4.3,2.78-1.29-.23-3.7.31-4.82,0\"><\/path><\/svg>\t\t\t\t<\/span>\n\t\t\t<\/div>\n\t\t\t\n\t\t\t\t\t\t<div class=\"elementor-icon-box-content\">\n\n\t\t\t\t\t\t\t\t\t<h3 class=\"elementor-icon-box-title\">\n\t\t\t\t\t\t<span  >\n\t\t\t\t\t\t\tShipments to all the country\t\t\t\t\t\t<\/span>\n\t\t\t\t\t<\/h3>\n\t\t\t\t\n\t\t\t\t\n\t\t\t<\/div>\n\t\t\t\n\t\t<\/div>\n\t\t\t\t\t\t<\/div>\n\t\t\t\t<\/div>\n\t\t<div class=\"elementor-element elementor-element-13193eb e-con-full e-flex e-con e-child\" data-id=\"13193eb\" data-element_type=\"container\" data-e-type=\"container\">\n\t\t\t\t<div class=\"elementor-element elementor-element-466d73a elementor-view-default elementor-position-block-start elementor-mobile-position-block-start elementor-widget elementor-widget-icon-box\" data-id=\"466d73a\" data-element_type=\"widget\" data-e-type=\"widget\" data-widget_type=\"icon-box.default\">\n\t\t\t\t\t\t\t<div class=\"elementor-icon-box-wrapper\">\n\n\t\t\t\t\t\t<div class=\"elementor-icon-box-icon\">\n\t\t\t\t<span  class=\"elementor-icon\">\n\t\t\t\t<svg aria-hidden=\"true\" class=\"e-font-icon-svg e-fab-whatsapp\" viewbox=\"0 0 448 512\" xmlns=\"http:\/\/www.w3.org\/2000\/svg\"><path d=\"M380.9 97.1C339 55.1 283.2 32 223.9 32c-122.4 0-222 99.6-222 222 0 39.1 10.2 77.3 29.6 111L0 480l117.7-30.9c32.4 17.7 68.9 27 106.1 27h.1c122.3 0 224.1-99.6 224.1-222 0-59.3-25.2-115-67.1-157zm-157 341.6c-33.2 0-65.7-8.9-94-25.7l-6.7-4-69.8 18.3L72 359.2l-4.4-7c-18.5-29.4-28.2-63.3-28.2-98.2 0-101.7 82.8-184.5 184.6-184.5 49.3 0 95.6 19.2 130.4 54.1 34.8 34.9 56.2 81.2 56.1 130.5 0 101.8-84.9 184.6-186.6 184.6zm101.2-138.2c-5.5-2.8-32.8-16.2-37.9-18-5.1-1.9-8.8-2.8-12.5 2.8-3.7 5.6-14.3 18-17.6 21.8-3.2 3.7-6.5 4.2-12 1.4-32.6-16.3-54-29.1-75.5-66-5.7-9.8 5.7-9.1 16.3-30.3 1.8-3.7.9-6.9-.5-9.7-1.4-2.8-12.5-30.1-17.1-41.2-4.5-10.8-9.1-9.3-12.5-9.5-3.2-.2-6.9-.2-10.6-.2-3.7 0-9.7 1.4-14.8 6.9-5.1 5.6-19.4 19-19.4 46.3 0 27.3 19.9 53.7 22.6 57.4 2.8 3.7 39.1 59.7 94.8 83.8 35.2 15.2 49 16.5 66.6 13.9 10.7-1.6 32.8-13.4 37.4-26.4 4.6-13 4.6-24.1 3.2-26.4-1.3-2.5-5-3.9-10.5-6.6z\"><\/path><\/svg>\t\t\t\t<\/span>\n\t\t\t<\/div>\n\t\t\t\n\t\t\t\t\t\t<div class=\"elementor-icon-box-content\">\n\n\t\t\t\t\t\t\t\t\t<h3 class=\"elementor-icon-box-title\">\n\t\t\t\t\t\t<span  >\n\t\t\t\t\t\t\tContact us at\t\t\t\t\t\t<\/span>\n\t\t\t\t\t<\/h3>\n\t\t\t\t\n\t\t\t\t\n\t\t\t<\/div>\n\t\t\t\n\t\t<\/div>\n\t\t\t\t\t\t<\/div>\n\t\t\t\t<\/div>\n\t\t\t\t\t<\/div>\n\t\t\t\t<\/div>\n\t\t<div class=\"elementor-element elementor-element-d6d31dc e-flex e-con-boxed elementor-invisible e-con e-parent\" data-id=\"d6d31dc\" data-element_type=\"container\" data-e-type=\"container\" data-settings=\"{&quot;animation&quot;:&quot;fadeInUp&quot;}\">\n\t\t\t\t\t<div class=\"e-con-inner\">\n\t\t<div class=\"elementor-element elementor-element-3f7928f e-con-full e-flex e-con e-child\" data-id=\"3f7928f\" data-element_type=\"container\" data-e-type=\"container\">\n\t\t\t\t<div class=\"elementor-element elementor-element-688a620 elementor-widget elementor-widget-heading\" data-id=\"688a620\" data-element_type=\"widget\" data-e-type=\"widget\" id=\"politicadevoluciones\" data-widget_type=\"heading.default\">\n\t\t\t\t\t<h2 class=\"elementor-heading-title elementor-size-default\">Return policies<\/h2>\t\t\t\t<\/div>\n\t\t\t\t<div class=\"elementor-element elementor-element-1146470 elementor-widget elementor-widget-text-editor\" data-id=\"1146470\" data-element_type=\"widget\" data-e-type=\"widget\" data-widget_type=\"text-editor.default\">\n\t\t\t\t\t\t\t\t\t<p>At Productos Termoformados SRL we work to guarantee the highest quality thermoformed products. However, we understand that situations may arise in which an exchange or return may be necessary.<\/p>\t\t\t\t\t\t\t\t<\/div>\n\t\t\t\t<div class=\"elementor-element elementor-element-4f31ae9 elementor-widget elementor-widget-n-accordion\" data-id=\"4f31ae9\" data-element_type=\"widget\" data-e-type=\"widget\" data-settings=\"{&quot;default_state&quot;:&quot;all_collapsed&quot;,&quot;max_items_expended&quot;:&quot;one&quot;,&quot;n_accordion_animation_duration&quot;:{&quot;unit&quot;:&quot;ms&quot;,&quot;size&quot;:400,&quot;sizes&quot;:[]}}\" data-widget_type=\"nested-accordion.default\">\n\t\t\t\t\t\t\t<div class=\"e-n-accordion\" aria-label=\"Accordion. Open links with Enter or Space, close with Escape, and navigate with Arrow Keys\">\n\t\t\t\t\t\t<details id=\"e-n-accordion-item-8300\" class=\"e-n-accordion-item\" >\n\t\t\t\t<summary class=\"e-n-accordion-item-title\" data-accordion-index=\"1\" tabindex=\"0\" aria-expanded=\"false\" aria-controls=\"e-n-accordion-item-8300\" >\n\t\t\t\t\t<span class='e-n-accordion-item-title-header'><div class=\"e-n-accordion-item-title-text\"> General terms and conditions <\/div><\/span>\n\t\t\t\t\t\t\t<span class='e-n-accordion-item-title-icon'>\n\t\t\t<span class='e-opened' ><svg aria-hidden=\"true\" class=\"e-font-icon-svg e-fas-minus\" viewbox=\"0 0 448 512\" xmlns=\"http:\/\/www.w3.org\/2000\/svg\"><path d=\"M416 208H32c-17.67 0-32 14.33-32 32v32c0 17.67 14.33 32 32 32h384c17.67 0 32-14.33 32-32v-32c0-17.67-14.33-32-32-32z\"><\/path><\/svg><\/span>\n\t\t\t<span class='e-closed'><svg aria-hidden=\"true\" class=\"e-font-icon-svg e-fas-plus\" viewbox=\"0 0 448 512\" xmlns=\"http:\/\/www.w3.org\/2000\/svg\"><path d=\"M416 208H272V64c0-17.67-14.33-32-32-32h-32c-17.67 0-32 14.33-32 32v144H32c-17.67 0-32 14.33-32 32v32c0 17.67 14.33 32 32 32h144v144c0 17.67 14.33 32 32 32h32c17.67 0 32-14.33 32-32V304h144c17.67 0 32-14.33 32-32v-32c0-17.67-14.33-32-32-32z\"><\/path><\/svg><\/span>\n\t\t<\/span>\n\n\t\t\t\t\t\t<\/summary>\n\t\t\t\t<div role=\"region\" aria-labelledby=\"e-n-accordion-item-8300\" class=\"elementor-element elementor-element-b35db7d e-con-full e-flex e-con e-child\" data-id=\"b35db7d\" data-element_type=\"container\" data-e-type=\"container\">\n\t\t\t\t<div class=\"elementor-element elementor-element-0e5c59e elementor-widget elementor-widget-text-editor\" data-id=\"0e5c59e\" data-element_type=\"widget\" data-e-type=\"widget\" data-widget_type=\"text-editor.default\">\n\t\t\t\t\t\t\t\t\t<p>Returns are accepted within 7 business days of receipt of the product.<\/p><p>The product must be in its original packaging, unused and in perfect condition.<\/p><p>Proof of purchase is required.<\/p>\t\t\t\t\t\t\t\t<\/div>\n\t\t\t\t<\/div>\n\t\t\t\t\t<\/details>\n\t\t\t\t\t\t<details id=\"e-n-accordion-item-8301\" class=\"e-n-accordion-item\" >\n\t\t\t\t<summary class=\"e-n-accordion-item-title\" data-accordion-index=\"2\" tabindex=\"-1\" aria-expanded=\"false\" aria-controls=\"e-n-accordion-item-8301\" >\n\t\t\t\t\t<span class='e-n-accordion-item-title-header'><div class=\"e-n-accordion-item-title-text\">  Cases in which the refund applies <\/div><\/span>\n\t\t\t\t\t\t\t<span class='e-n-accordion-item-title-icon'>\n\t\t\t<span class='e-opened' ><svg aria-hidden=\"true\" class=\"e-font-icon-svg e-fas-minus\" viewbox=\"0 0 448 512\" xmlns=\"http:\/\/www.w3.org\/2000\/svg\"><path d=\"M416 208H32c-17.67 0-32 14.33-32 32v32c0 17.67 14.33 32 32 32h384c17.67 0 32-14.33 32-32v-32c0-17.67-14.33-32-32-32z\"><\/path><\/svg><\/span>\n\t\t\t<span class='e-closed'><svg aria-hidden=\"true\" class=\"e-font-icon-svg e-fas-plus\" viewbox=\"0 0 448 512\" xmlns=\"http:\/\/www.w3.org\/2000\/svg\"><path d=\"M416 208H272V64c0-17.67-14.33-32-32-32h-32c-17.67 0-32 14.33-32 32v144H32c-17.67 0-32 14.33-32 32v32c0 17.67 14.33 32 32 32h144v144c0 17.67 14.33 32 32 32h32c17.67 0 32-14.33 32-32V304h144c17.67 0 32-14.33 32-32v-32c0-17.67-14.33-32-32-32z\"><\/path><\/svg><\/span>\n\t\t<\/span>\n\n\t\t\t\t\t\t<\/summary>\n\t\t\t\t<div role=\"region\" aria-labelledby=\"e-n-accordion-item-8301\" class=\"elementor-element elementor-element-3d3af50 e-con-full e-flex e-con e-child\" data-id=\"3d3af50\" data-element_type=\"container\" data-e-type=\"container\">\n\t\t\t\t<div class=\"elementor-element elementor-element-4a5446f elementor-widget elementor-widget-text-editor\" data-id=\"4a5446f\" data-element_type=\"widget\" data-e-type=\"widget\" data-widget_type=\"text-editor.default\">\n\t\t\t\t\t\t\t\t\t<p>Manufacturing defects or damage to the product received at the time of delivery.<\/p><p>Error in the order (model, size or quantity different from that requested).<\/p>\t\t\t\t\t\t\t\t<\/div>\n\t\t\t\t<\/div>\n\t\t\t\t\t<\/details>\n\t\t\t\t\t\t<details id=\"e-n-accordion-item-8302\" class=\"e-n-accordion-item\" >\n\t\t\t\t<summary class=\"e-n-accordion-item-title\" data-accordion-index=\"3\" tabindex=\"-1\" aria-expanded=\"false\" aria-controls=\"e-n-accordion-item-8302\" >\n\t\t\t\t\t<span class='e-n-accordion-item-title-header'><div class=\"e-n-accordion-item-title-text\"> Procedure <\/div><\/span>\n\t\t\t\t\t\t\t<span class='e-n-accordion-item-title-icon'>\n\t\t\t<span class='e-opened' ><svg aria-hidden=\"true\" class=\"e-font-icon-svg e-fas-minus\" viewbox=\"0 0 448 512\" xmlns=\"http:\/\/www.w3.org\/2000\/svg\"><path d=\"M416 208H32c-17.67 0-32 14.33-32 32v32c0 17.67 14.33 32 32 32h384c17.67 0 32-14.33 32-32v-32c0-17.67-14.33-32-32-32z\"><\/path><\/svg><\/span>\n\t\t\t<span class='e-closed'><svg aria-hidden=\"true\" class=\"e-font-icon-svg e-fas-plus\" viewbox=\"0 0 448 512\" xmlns=\"http:\/\/www.w3.org\/2000\/svg\"><path d=\"M416 208H272V64c0-17.67-14.33-32-32-32h-32c-17.67 0-32 14.33-32 32v144H32c-17.67 0-32 14.33-32 32v32c0 17.67 14.33 32 32 32h144v144c0 17.67 14.33 32 32 32h32c17.67 0 32-14.33 32-32V304h144c17.67 0 32-14.33 32-32v-32c0-17.67-14.33-32-32-32z\"><\/path><\/svg><\/span>\n\t\t<\/span>\n\n\t\t\t\t\t\t<\/summary>\n\t\t\t\t<div role=\"region\" aria-labelledby=\"e-n-accordion-item-8302\" class=\"elementor-element elementor-element-c6e1236 e-con-full e-flex e-con e-child\" data-id=\"c6e1236\" data-element_type=\"container\" data-e-type=\"container\">\n\t\t\t\t<div class=\"elementor-element elementor-element-4290e19 elementor-widget elementor-widget-text-editor\" data-id=\"4290e19\" data-element_type=\"widget\" data-e-type=\"widget\" data-widget_type=\"text-editor.default\">\n\t\t\t\t\t\t\t\t\t<p>Contact us by email or WhatsApp indicating the order number.<\/p><p>Attach photos of the product to validate the case.<\/p><p>Once approved, you will be able to opt for:<\/p><p>Product replacement.<\/p><p>Credit note for future purchases.<\/p><p>Reimbursement of the amount (depending on the method of payment used).<\/p>\t\t\t\t\t\t\t\t<\/div>\n\t\t\t\t<\/div>\n\t\t\t\t\t<\/details>\n\t\t\t\t\t<\/div>\n\t\t\t\t\t\t<\/div>\n\t\t\t\t<div class=\"elementor-element elementor-element-af1b4c2 elementor-widget elementor-widget-text-editor\" data-id=\"af1b4c2\" data-element_type=\"widget\" data-e-type=\"widget\" data-widget_type=\"text-editor.default\">\n\t\t\t\t\t\t\t\t\t<p>\ud83d\udc49 Return shipping costs shall be borne by the company only in case of manufacturing error or defect.<\/p>\t\t\t\t\t\t\t\t<\/div>\n\t\t\t\t<\/div>\n\t\t\t\t\t<\/div>\n\t\t\t\t<\/div>\n\t\t\t\t<\/div>","protected":false},"excerpt":{"rendered":"<p>TODO ENMOLDES Ver m\u00e1s BACHASEN STOCK Ver m\u00e1s Todos los medios de pago 3 y 6 cuotas sin inter\u00e9s Env\u00edos a todo el pa\u00eds Contact\u00e1nos Pol\u00edticas de devoluci\u00f3n En Productos Termoformados SRL trabajamos para garantizar productos de m\u00e1xima calidad en termoformados. Sin embargo, entendemos que pueden presentarse situaciones en las que sea necesario realizar un&hellip;&nbsp;<a href=\"https:\/\/productostermoformadossrl.com.ar\/en\/politicas-de-devolucion\/\" rel=\"bookmark\"><span class=\"screen-reader-text\">Pol\u00edticas de Devoluci\u00f3n<\/span><\/a><\/p>","protected":false},"author":2,"featured_media":0,"parent":0,"menu_order":0,"comment_status":"open","ping_status":"closed","template":"elementor_header_footer","meta":{"_monsterinsights_skip_tracking":false,"_monsterinsights_sitenote_active":false,"_monsterinsights_sitenote_note":"","_monsterinsights_sitenote_category":0,"neve_meta_sidebar":"","neve_meta_container":"","neve_meta_enable_content_width":"","neve_meta_content_width":0,"neve_meta_title_alignment":"","neve_meta_author_avatar":"","neve_post_elements_order":"","neve_meta_disable_header":"","neve_meta_disable_footer":"","neve_meta_disable_title":"","_joinchat":[],"footnotes":""},"class_list":["post-17329","page","type-page","status-publish","hentry"],"aioseo_notices":[],"jetpack_sharing_enabled":true,"_links":{"self":[{"href":"https:\/\/productostermoformadossrl.com.ar\/en\/wp-json\/wp\/v2\/pages\/17329","targetHints":{"allow":["GET"]}}],"collection":[{"href":"https:\/\/productostermoformadossrl.com.ar\/en\/wp-json\/wp\/v2\/pages"}],"about":[{"href":"https:\/\/productostermoformadossrl.com.ar\/en\/wp-json\/wp\/v2\/types\/page"}],"author":[{"embeddable":true,"href":"https:\/\/productostermoformadossrl.com.ar\/en\/wp-json\/wp\/v2\/users\/2"}],"replies":[{"embeddable":true,"href":"https:\/\/productostermoformadossrl.com.ar\/en\/wp-json\/wp\/v2\/comments?post=17329"}],"version-history":[{"count":0,"href":"https:\/\/productostermoformadossrl.com.ar\/en\/wp-json\/wp\/v2\/pages\/17329\/revisions"}],"wp:attachment":[{"href":"https:\/\/productostermoformadossrl.com.ar\/en\/wp-json\/wp\/v2\/media?parent=17329"}],"curies":[{"name":"wp","href":"https:\/\/api.w.org\/{rel}","templated":true}]}}